{"id":18,"date":"2019-08-29T15:43:12","date_gmt":"2019-08-29T15:43:12","guid":{"rendered":"https:\/\/muko-trier.de\/wp\/?page_id=18"},"modified":"2019-11-03T13:45:01","modified_gmt":"2019-11-03T13:45:01","slug":"ueber-uns","status":"publish","type":"page","link":"https:\/\/muko-trier.de\/wp\/","title":{"rendered":"\u00dcber uns"},"content":{"rendered":"\n<h3 class=\"wp-block-heading\">Die Regionalgruppe Trier<\/h3>\n\n\n\n<p>Wir sind Eltern an Mukoviszidose erkrankter Kinder, Betroffene Erwachsene, Freunde und F\u00f6rderer aus der Region Trier.<br>Als Selbsthilfegruppe bieten wir ein wichtiges Angebot zur Krankheitsbew\u00e4ltigung:<br>Wir helfen betroffenen Familien durch Informationsveranstaltungen, bieten Erfahrungsaustausch im Rahmen eines regelm\u00e4\u00dfig stattfindenden Stammtischs, organisieren Benefizveranstaltungen und sammeln Spendengelder f\u00fcr Therapie und Forschung.<br>Dar\u00fcber hinaus leisten wir wichtige Aufkl\u00e4rungsarbeit in der Region Trier und machen auf Missst\u00e4nde in der Versorgung von Patienten aufmerksam.<\/p>\n\n\n\n<p>Wir unterst\u00fctzen die Mukoviszidose-Ambulanz des Klinikums Mutterhaus Trier und finanzieren Leistungen die nicht von den Kassen \u00fcbernommen werden, wie eine mobile Krankengymnastik und Di\u00e4tassistenz f\u00fcr Erwachsene Betroffene.<\/p>\n\n\n\n<p>&nbsp;<\/p>\n\n\n\n<h3 class=\"wp-block-heading\">Der Mukoviszidose e.V.<\/h3>\n\n\n\n<p>Die Regionalgruppe Trier ist Teil des bundesweit aktiven Mukoviszidose e.V.<\/p>\n\n\n\n<p>Der Mukoviszidose e.V. vernetzt die Patienten,  ihre Angeh\u00f6rigen, \u00c4rzte, Therapeuten und  Forscher. Er b\u00fcndelt unterschiedliche Erfahrungen, Kompetenzen sowie Perspektiven mit dem Ziel, jedem Betroffenen ein m\u00f6glichst selbstbestimmtes Leben mit Mukoviszidose erm\u00f6glichen zu k\u00f6nnen. Um die gemeinsamen Aufgaben und Ziele zu erreichen, ist der gemeinn\u00fctzige Verein auf die Unterst\u00fctzung engagierter Spender und F\u00f6rderer angewiesen. <\/p>\n\n\n\n<p>Die Gesch\u00e4ftsstelle des Mukoviszidose e.V.  in Bonn steht Mukoviszidose-Betroffenen  und ihren Angeh\u00f6rigen mit Rat und Unterst\u00fctzung zu unterschiedlichen Fragen und  Problemen zur Seite. Bei Interesse erhalten Sie detaillierte und umfassende Informationen zu s\u00e4mtlichen Themenbereichen der Mukoviszidose auch unter: <a href=\"http:\/\/www.muko.info\">www.muko.info<\/a> <\/p>\n\n\n\n<p>Der Mukoviszidose e.V. bietet verschiedene \u2013 auch regionale \u2013 Informationsveranstaltungen und Seminare an. F\u00fcr betroffene Eltern findet beispielsweise einmal im Jahr an wechselnden Orten ein \u201eNeudiagnose-Seminar\u201c statt. Dar\u00fcber hinaus organisiert der Verein spezielle Tagungen f\u00fcr Erwachsene mit CF und f\u00fchrt in regelm\u00e4\u00dfigen Abst\u00e4nden Seminare zu den  Themen Berufsfindung, aktive Selbsthilfe- arbeit und Transplantation durch. <\/p>\n","protected":false},"excerpt":{"rendered":"<p>Die Regionalgruppe Trier Wir sind Eltern an Mukoviszidose erkrankter Kinder, Betroffene Erwachsene, Freunde und F\u00f6rderer aus der Region Trier.Als Selbsthilfegruppe bieten wir ein wichtiges Angebot zur Krankheitsbew\u00e4ltigung:Wir helfen betroffenen Familien &#8230;<\/p>\n","protected":false},"author":1,"featured_media":0,"parent":0,"menu_order":0,"comment_status":"closed","ping_status":"closed","template":"","meta":{"footnotes":""},"class_list":["post-18","page","type-page","status-publish","hentry"],"_links":{"self":[{"href":"https:\/\/muko-trier.de\/wp\/index.php?rest_route=\/wp\/v2\/pages\/18","targetHints":{"allow":["GET"]}}],"collection":[{"href":"https:\/\/muko-trier.de\/wp\/index.php?rest_route=\/wp\/v2\/pages"}],"about":[{"href":"https:\/\/muko-trier.de\/wp\/index.php?rest_route=\/wp\/v2\/types\/page"}],"author":[{"embeddable":true,"href":"https:\/\/muko-trier.de\/wp\/index.php?rest_route=\/wp\/v2\/users\/1"}],"replies":[{"embeddable":true,"href":"https:\/\/muko-trier.de\/wp\/index.php?rest_route=%2Fwp%2Fv2%2Fcomments&post=18"}],"version-history":[{"count":7,"href":"https:\/\/muko-trier.de\/wp\/index.php?rest_route=\/wp\/v2\/pages\/18\/revisions"}],"predecessor-version":[{"id":78,"href":"https:\/\/muko-trier.de\/wp\/index.php?rest_route=\/wp\/v2\/pages\/18\/revisions\/78"}],"wp:attachment":[{"href":"https:\/\/muko-trier.de\/wp\/index.php?rest_route=%2Fwp%2Fv2%2Fmedia&parent=18"}],"curies":[{"name":"wp","href":"https:\/\/api.w.org\/{rel}","templated":true}]}}